{"id":934,"date":"2023-10-04T13:57:52","date_gmt":"2023-10-04T13:57:52","guid":{"rendered":"https:\/\/www.hornemanni.fr\/?page_id=934"},"modified":"2024-01-08T07:43:36","modified_gmt":"2024-01-08T07:43:36","slug":"reglementation-4","status":"publish","type":"page","link":"https:\/\/www.hornemanni.fr\/index.php\/es\/reglementation-4\/","title":{"rendered":"Normativa"},"content":{"rendered":"<p><h4 class=\"display-posts-title\">Regulaciones sobre vida silvestre en cautiverio<\/h4>\n<ul class=\"display-posts-listing\"><li class=\"listing-item\"><a class=\"title\" href=\"https:\/\/www.hornemanni.fr\/index.php\/reglementation\/chardonneret-elegant-carduelis-carduelis-reglementation-francaise\/\">Chardonneret \u00e9l\u00e9gant, Carduelis carduelis (R\u00e8glementation Fran\u00e7aise)<\/a><\/li><li class=\"listing-item\"><a class=\"title\" href=\"https:\/\/www.hornemanni.fr\/index.php\/reglementation\/unicab-premiere-victoire\/\">UNICAB, premi\u00e8re victoire !<\/a><\/li><li class=\"listing-item\"><a class=\"title\" href=\"https:\/\/www.hornemanni.fr\/index.php\/reglementation\/comunicato-stampa-unicab-2\/\">Communiqu\u00e9 de presse UNICAB<\/a><\/li><li class=\"listing-item\"><a class=\"title\" href=\"https:\/\/www.hornemanni.fr\/index.php\/reglementation\/reglement-hornemanni-france\/\">R\u00e8glement Hornemanni France<\/a><\/li><li class=\"listing-item\"><a class=\"title\" href=\"https:\/\/www.hornemanni.fr\/index.php\/reglementation\/311\/\">Questions \/ R\u00e9ponses Hornemanni France<\/a><\/li><\/ul><br \/>\n<\/p>\n","protected":false},"excerpt":{"rendered":"","protected":false},"author":2,"featured_media":0,"parent":0,"menu_order":0,"comment_status":"closed","ping_status":"closed","template":"","meta":{"iawp_total_views":13,"footnotes":""},"class_list":["post-934","page","type-page","status-publish","hentry","no-post-thumbnail"],"_links":{"self":[{"href":"https:\/\/www.hornemanni.fr\/index.php\/wp-json\/wp\/v2\/pages\/934","targetHints":{"allow":["GET"]}}],"collection":[{"href":"https:\/\/www.hornemanni.fr\/index.php\/wp-json\/wp\/v2\/pages"}],"about":[{"href":"https:\/\/www.hornemanni.fr\/index.php\/wp-json\/wp\/v2\/types\/page"}],"author":[{"embeddable":true,"href":"https:\/\/www.hornemanni.fr\/index.php\/wp-json\/wp\/v2\/users\/2"}],"replies":[{"embeddable":true,"href":"https:\/\/www.hornemanni.fr\/index.php\/wp-json\/wp\/v2\/comments?post=934"}],"version-history":[{"count":0,"href":"https:\/\/www.hornemanni.fr\/index.php\/wp-json\/wp\/v2\/pages\/934\/revisions"}],"wp:attachment":[{"href":"https:\/\/www.hornemanni.fr\/index.php\/wp-json\/wp\/v2\/media?parent=934"}],"curies":[{"name":"wp","href":"https:\/\/api.w.org\/{rel}","templated":true}]}}