{"id":926,"date":"2023-10-04T13:55:53","date_gmt":"2023-10-04T13:55:53","guid":{"rendered":"https:\/\/www.hornemanni.fr\/?page_id=926"},"modified":"2023-10-04T13:56:28","modified_gmt":"2023-10-04T13:56:28","slug":"liens-3","status":"publish","type":"page","link":"https:\/\/www.hornemanni.fr\/index.php\/es\/liens-3\/","title":{"rendered":"Embargos"},"content":{"rendered":"<p>&nbsp;<\/p>\n<div class=\"vlp-link-container vlp-layout-basic\"><a href=\"https:\/\/ict-pg.hornemanni.fr\/\" class=\"vlp-link\" title=\"Commission Technique Internationale Paolo GREGORUTTI\" rel=\"nofollow\" target=\"_blank\"><\/a><div class=\"vlp-layout-zone-side\"><div class=\"vlp-block-2 vlp-link-image\"><img loading=\"lazy\" decoding=\"async\" style=\"max-width: 150px;\" width=\"150\" height=\"102\" src=\"https:\/\/www.hornemanni.fr\/wp-content\/uploads\/2023\/06\/cropped-logo-1.png\" class=\"attachment-150x999 size-150x999\" alt=\"\" \/><\/div><\/div><div class=\"vlp-layout-zone-main\"><div class=\"vlp-block-0 vlp-link-title\">Commission Technique Internationale Paolo GREGORUTTI<\/div><div class=\"vlp-block-1 vlp-link-summary\">Nous utilisons des cookies afin de vous offrir la meilleure exp\u00e9rience possible sur notre site Web. En poursuivant votre navigation sur ce site, vous acceptez notre utilisation des cookies.<\/div><\/div><\/div>\n<div class=\"vlp-link-container vlp-layout-basic\"><a href=\"http:\/\/www.hornemanni.com\/\" class=\"vlp-link\" title=\"Hornemanni Middle European Club\" rel=\"nofollow\" target=\"_blank\"><\/a><div class=\"vlp-layout-zone-side\"><div class=\"vlp-block-2 vlp-link-image\"><img decoding=\"async\" src=\"http:\/\/www.hornemanni.com\/images\/logo.png\" style=\"max-width: 150px; max-height: 150px\" \/><\/div><\/div><div class=\"vlp-layout-zone-main\"><div class=\"vlp-block-0 vlp-link-title\">Hornemanni Middle European Club<\/div><div class=\"vlp-block-1 vlp-link-summary\">Il nostro \u00e8 un gruppo di allevatori del Nord-Est che si \u00e8 riunito ed ha costituito questo Club per lo studio degli uccelli dell\u2019emisfero nord.<\/div><\/div><\/div>\n<div class=\"vlp-link-container vlp-layout-basic\"><a href=\"https:\/\/www.eleveur-de-carduelines.com\/\" class=\"vlp-link\" title=\"Eleveur de Carduelines\" rel=\"nofollow\" target=\"_blank\"><\/a><div class=\"vlp-layout-zone-side\"><div class=\"vlp-block-2 vlp-link-image\"><img decoding=\"async\" src=\"https:\/\/www.eleveur-de-carduelines.com\/wp-content\/uploads\/2021\/05\/bouvreuil1.jpg\" style=\"max-width: 150px; max-height: 150px\" \/><\/div><\/div><div class=\"vlp-layout-zone-main\"><div class=\"vlp-block-0 vlp-link-title\">Eleveur de Carduelines<\/div><div class=\"vlp-block-1 vlp-link-summary\">Bonjour &amp; Bienvenue sur Eleveur de Cardu\u00e9lin\u00e9s<br \/>\nUn grand merci \u00e0 tous nos amis \u00e9leveurs de par le monde, qui nous aident en nous faisant parvenir leurs photographies et leurs commentaires. Cette page a \u00e9t\u00e9 publi\u00e9e pour la premi\u00e8re fois le 23 11 1998. <\/div><\/div><\/div>\n<div class=\"vlp-link-container vlp-layout-basic\"><a href=\"https:\/\/www.redsiskin.org\" class=\"vlp-link\" title=\"Red Siskin Initiative \u2013 Saving the Red Siskin\" rel=\"nofollow\" target=\"_blank\"><\/a><div class=\"vlp-layout-zone-side\"><div class=\"vlp-block-2 vlp-link-image\"><img decoding=\"async\" src=\"https:\/\/www.redsiskin.org\/wp-content\/uploads\/2021\/05\/brand-img-header-en-sm.png\" style=\"max-width: 150px; max-height: 150px\" \/><\/div><\/div><div class=\"vlp-layout-zone-main\"><div class=\"vlp-block-0 vlp-link-title\">Red Siskin Initiative \u2013 Saving the Red Siskin<\/div><\/div><\/div>\n","protected":false},"excerpt":{"rendered":"<p>&nbsp;<\/p>\n","protected":false},"author":2,"featured_media":0,"parent":0,"menu_order":0,"comment_status":"closed","ping_status":"closed","template":"","meta":{"iawp_total_views":5,"footnotes":""},"class_list":["post-926","page","type-page","status-publish","hentry","no-post-thumbnail"],"_links":{"self":[{"href":"https:\/\/www.hornemanni.fr\/index.php\/wp-json\/wp\/v2\/pages\/926","targetHints":{"allow":["GET"]}}],"collection":[{"href":"https:\/\/www.hornemanni.fr\/index.php\/wp-json\/wp\/v2\/pages"}],"about":[{"href":"https:\/\/www.hornemanni.fr\/index.php\/wp-json\/wp\/v2\/types\/page"}],"author":[{"embeddable":true,"href":"https:\/\/www.hornemanni.fr\/index.php\/wp-json\/wp\/v2\/users\/2"}],"replies":[{"embeddable":true,"href":"https:\/\/www.hornemanni.fr\/index.php\/wp-json\/wp\/v2\/comments?post=926"}],"version-history":[{"count":0,"href":"https:\/\/www.hornemanni.fr\/index.php\/wp-json\/wp\/v2\/pages\/926\/revisions"}],"wp:attachment":[{"href":"https:\/\/www.hornemanni.fr\/index.php\/wp-json\/wp\/v2\/media?parent=926"}],"curies":[{"name":"wp","href":"https:\/\/api.w.org\/{rel}","templated":true}]}}