{"id":917,"date":"2023-10-04T13:53:01","date_gmt":"2023-10-04T13:53:01","guid":{"rendered":"https:\/\/www.hornemanni.fr\/?page_id=917"},"modified":"2023-10-04T13:54:09","modified_gmt":"2023-10-04T13:54:09","slug":"elevage-4","status":"publish","type":"page","link":"https:\/\/www.hornemanni.fr\/index.php\/es\/elevage-4\/","title":{"rendered":"Cr\u00eda"},"content":{"rendered":"<p><h4 class=\"display-posts-title\">El rinc\u00f3n del veterinario<\/h4>\n<ul class=\"display-posts-listing\"><li class=\"listing-item\"><a class=\"title\" href=\"https:\/\/www.hornemanni.fr\/index.php\/methodes-elevage\/posez-votre-question-au-veterinaire\/\">Posez votre question au V\u00e9t\u00e9rinaire<\/a><\/li><\/ul><br \/>\n<br \/>\n<h4 class=\"display-posts-title\">Cuidado<\/h4>\n<ul class=\"display-posts-listing\"><li class=\"listing-item\"><a class=\"title\" href=\"https:\/\/www.hornemanni.fr\/index.php\/methodes-elevage\/__trashed\/\">Elevage du Verdier d&rsquo;Europe (Chloris chloris)<\/a><\/li><li class=\"listing-item\"><a class=\"title\" href=\"https:\/\/www.hornemanni.fr\/index.php\/methodes-elevage\/reproduction-de-la-mesange-a-moustache-ou-panure-a-moustaches-panurus-biarmicus-bearded-reedling\/\">Reproduction de la M\u00e9sange \u00e0 moustache ou  Panure \u00e0 moustaches (Panurus biarmicus &#8211; Bearded Reedling)<\/a><\/li><li class=\"listing-item\"><a class=\"title\" href=\"https:\/\/www.hornemanni.fr\/index.php\/methodes-elevage\/installations-delevage-et-materiel\/\">Installations d&rsquo;\u00e9levage et mat\u00e9riel<\/a><\/li><\/ul><\/p>\n","protected":false},"excerpt":{"rendered":"","protected":false},"author":2,"featured_media":0,"parent":0,"menu_order":0,"comment_status":"closed","ping_status":"closed","template":"","meta":{"iawp_total_views":19,"footnotes":""},"class_list":["post-917","page","type-page","status-publish","hentry","no-post-thumbnail"],"_links":{"self":[{"href":"https:\/\/www.hornemanni.fr\/index.php\/wp-json\/wp\/v2\/pages\/917","targetHints":{"allow":["GET"]}}],"collection":[{"href":"https:\/\/www.hornemanni.fr\/index.php\/wp-json\/wp\/v2\/pages"}],"about":[{"href":"https:\/\/www.hornemanni.fr\/index.php\/wp-json\/wp\/v2\/types\/page"}],"author":[{"embeddable":true,"href":"https:\/\/www.hornemanni.fr\/index.php\/wp-json\/wp\/v2\/users\/2"}],"replies":[{"embeddable":true,"href":"https:\/\/www.hornemanni.fr\/index.php\/wp-json\/wp\/v2\/comments?post=917"}],"version-history":[{"count":0,"href":"https:\/\/www.hornemanni.fr\/index.php\/wp-json\/wp\/v2\/pages\/917\/revisions"}],"wp:attachment":[{"href":"https:\/\/www.hornemanni.fr\/index.php\/wp-json\/wp\/v2\/media?parent=917"}],"curies":[{"name":"wp","href":"https:\/\/api.w.org\/{rel}","templated":true}]}}