{"id":567,"date":"2023-07-25T12:49:47","date_gmt":"2023-07-25T12:49:47","guid":{"rendered":"https:\/\/www.hornemanni.fr\/?page_id=567"},"modified":"2023-07-25T12:54:12","modified_gmt":"2023-07-25T12:54:12","slug":"reglementation-2","status":"publish","type":"page","link":"https:\/\/www.hornemanni.fr\/index.php\/en\/reglementation-2\/","title":{"rendered":"Regulations"},"content":{"rendered":"\n<h4 class=\"display-posts-title\">Captive wildlife regulations<\/h4>\n<ul class=\"display-posts-listing\"><li class=\"listing-item\"><a class=\"title\" href=\"https:\/\/www.hornemanni.fr\/index.php\/reglementation\/chardonneret-elegant-carduelis-carduelis-reglementation-francaise\/\">Chardonneret \u00e9l\u00e9gant, Carduelis carduelis (R\u00e8glementation Fran\u00e7aise)<\/a><\/li><li class=\"listing-item\"><a class=\"title\" href=\"https:\/\/www.hornemanni.fr\/index.php\/reglementation\/unicab-premiere-victoire\/\">UNICAB, premi\u00e8re victoire !<\/a><\/li><li class=\"listing-item\"><a class=\"title\" href=\"https:\/\/www.hornemanni.fr\/index.php\/reglementation\/comunicato-stampa-unicab-2\/\">Communiqu\u00e9 de presse UNICAB<\/a><\/li><li class=\"listing-item\"><a class=\"title\" href=\"https:\/\/www.hornemanni.fr\/index.php\/reglementation\/reglement-hornemanni-france\/\">R\u00e8glement Hornemanni France<\/a><\/li><li class=\"listing-item\"><a class=\"title\" href=\"https:\/\/www.hornemanni.fr\/index.php\/reglementation\/311\/\">Questions \/ R\u00e9ponses Hornemanni France<\/a><\/li><\/ul>\n","protected":false},"excerpt":{"rendered":"","protected":false},"author":2,"featured_media":0,"parent":0,"menu_order":0,"comment_status":"closed","ping_status":"closed","template":"","meta":{"iawp_total_views":13,"footnotes":""},"class_list":["post-567","page","type-page","status-publish","hentry","no-post-thumbnail"],"_links":{"self":[{"href":"https:\/\/www.hornemanni.fr\/index.php\/wp-json\/wp\/v2\/pages\/567","targetHints":{"allow":["GET"]}}],"collection":[{"href":"https:\/\/www.hornemanni.fr\/index.php\/wp-json\/wp\/v2\/pages"}],"about":[{"href":"https:\/\/www.hornemanni.fr\/index.php\/wp-json\/wp\/v2\/types\/page"}],"author":[{"embeddable":true,"href":"https:\/\/www.hornemanni.fr\/index.php\/wp-json\/wp\/v2\/users\/2"}],"replies":[{"embeddable":true,"href":"https:\/\/www.hornemanni.fr\/index.php\/wp-json\/wp\/v2\/comments?post=567"}],"version-history":[{"count":0,"href":"https:\/\/www.hornemanni.fr\/index.php\/wp-json\/wp\/v2\/pages\/567\/revisions"}],"wp:attachment":[{"href":"https:\/\/www.hornemanni.fr\/index.php\/wp-json\/wp\/v2\/media?parent=567"}],"curies":[{"name":"wp","href":"https:\/\/api.w.org\/{rel}","templated":true}]}}