{"id":532,"date":"2023-07-25T09:17:19","date_gmt":"2023-07-25T09:17:19","guid":{"rendered":"https:\/\/www.hornemanni.fr\/?page_id=532"},"modified":"2023-07-25T09:17:20","modified_gmt":"2023-07-25T09:17:20","slug":"acces-non-autorise-6","status":"publish","type":"page","link":"https:\/\/www.hornemanni.fr\/index.php\/it\/acces-non-autorise-6\/","title":{"rendered":"Acc\u00e8s non autoris\u00e9"},"content":{"rendered":"\n<div class=\"wp-block-media-text alignwide is-stacked-on-mobile\"><figure class=\"wp-block-media-text__media\"><img loading=\"lazy\" decoding=\"async\" width=\"1024\" height=\"620\" src=\"https:\/\/www.hornemanni.fr\/wp-content\/uploads\/2023\/06\/manage-security-1024x620-1.jpg\" alt=\"\" class=\"wp-image-403 size-full\" srcset=\"https:\/\/www.hornemanni.fr\/wp-content\/uploads\/2023\/06\/manage-security-1024x620-1.jpg 1024w, https:\/\/www.hornemanni.fr\/wp-content\/uploads\/2023\/06\/manage-security-1024x620-1-300x182.jpg 300w, https:\/\/www.hornemanni.fr\/wp-content\/uploads\/2023\/06\/manage-security-1024x620-1-768x465.jpg 768w\" sizes=\"auto, (max-width: 1024px) 100vw, 1024px\" \/><\/figure><div class=\"wp-block-media-text__content\">\n<p>D\u00e9sol\u00e9, l&rsquo;acc\u00e8s \u00e0 cette information est restreint, identifiez-vous <\/p>\n<\/div><\/div>\n","protected":false},"excerpt":{"rendered":"<p>D\u00e9sol\u00e9, l&rsquo;acc\u00e8s \u00e0 cette information est restreint, identifiez-vous<\/p>\n","protected":false},"author":2,"featured_media":0,"parent":0,"menu_order":0,"comment_status":"closed","ping_status":"closed","template":"","meta":{"iawp_total_views":0,"footnotes":""},"class_list":["post-532","page","type-page","status-publish","hentry","no-post-thumbnail"],"_links":{"self":[{"href":"https:\/\/www.hornemanni.fr\/index.php\/wp-json\/wp\/v2\/pages\/532","targetHints":{"allow":["GET"]}}],"collection":[{"href":"https:\/\/www.hornemanni.fr\/index.php\/wp-json\/wp\/v2\/pages"}],"about":[{"href":"https:\/\/www.hornemanni.fr\/index.php\/wp-json\/wp\/v2\/types\/page"}],"author":[{"embeddable":true,"href":"https:\/\/www.hornemanni.fr\/index.php\/wp-json\/wp\/v2\/users\/2"}],"replies":[{"embeddable":true,"href":"https:\/\/www.hornemanni.fr\/index.php\/wp-json\/wp\/v2\/comments?post=532"}],"version-history":[{"count":0,"href":"https:\/\/www.hornemanni.fr\/index.php\/wp-json\/wp\/v2\/pages\/532\/revisions"}],"wp:attachment":[{"href":"https:\/\/www.hornemanni.fr\/index.php\/wp-json\/wp\/v2\/media?parent=532"}],"curies":[{"name":"wp","href":"https:\/\/api.w.org\/{rel}","templated":true}]}}