{"id":408,"date":"2023-06-29T11:48:00","date_gmt":"2023-06-29T11:48:00","guid":{"rendered":"https:\/\/www.hornemanni.fr\/index.php\/hornemanni-france-espanol\/"},"modified":"2023-07-25T08:25:15","modified_gmt":"2023-07-25T08:25:15","slug":"hornemanni-france-espanol","status":"publish","type":"page","link":"https:\/\/www.hornemanni.fr\/index.php\/es\/hornemanni-france-espanol\/","title":{"rendered":"Hornemanni France"},"content":{"rendered":"\n<p class=\"has-main-color has-text-color has-medium-font-size\"><strong>Bienvenido a Hornemanni-France<\/strong><\/p>\n\n\n\n<div class=\"wp-block-media-text alignwide is-stacked-on-mobile\" style=\"grid-template-columns:30% auto\"><figure class=\"wp-block-media-text__media\"><img loading=\"lazy\" decoding=\"async\" width=\"800\" height=\"598\" src=\"https:\/\/www.hornemanni.fr\/wp-content\/uploads\/2023\/06\/oiseaux1-1.png\" alt=\"\" class=\"wp-image-209 size-full\" srcset=\"https:\/\/www.hornemanni.fr\/wp-content\/uploads\/2023\/06\/oiseaux1-1.png 800w, https:\/\/www.hornemanni.fr\/wp-content\/uploads\/2023\/06\/oiseaux1-1-300x224.png 300w, https:\/\/www.hornemanni.fr\/wp-content\/uploads\/2023\/06\/oiseaux1-1-768x574.png 768w\" sizes=\"auto, (max-width: 800px) 100vw, 800px\" \/><\/figure><div class=\"wp-block-media-text__content\">\n<p><strong>\u00bfQui\u00e9nes son los Passeriformes?<\/strong><\/p>\n\n\n\n<p>El orden Passeriformes es el tax\u00f3n que agrupa el mayor n\u00famero de especies de aves, repartidas por todo el globo, a excepci\u00f3n del continente ant\u00e1rtico. Los Passeriformes se conocen com\u00fanmente como paseriformes y representan 145 familias, 1371 g\u00e9neros y 6675 especies.<\/p>\n<\/div><\/div>\n\n\n\n<p><strong>\u00bfQui\u00e9nes somos?<\/strong><\/p>\n\n\n\n<p>Hornemanni Francia est\u00e1 estrechamente vinculado por la pasi\u00f3n y la amistad al Club Hornemanni del Medio Oeste Europeo, en el norte de Italia. Nuestra asociaci\u00f3n est\u00e1 formada por criadores, adiestradores y expertos internacionales apasionados y especializados, y tambi\u00e9n es especialmente consciente de la necesidad de proteger la biodiversidad. <\/p>\n\n\n\n<p>Sea cual sea su federaci\u00f3n o pa\u00eds de origen, puede unirse a nosotros haci\u00e9ndose socio de Hornemanni Francia, porque nuestro Club es independiente y aut\u00f3nomo. \u00bfNo pertenece a ninguna federaci\u00f3n? Eso no es un problema si, como a nosotros, le apasionan los paseriformes. <\/p>\n\n\n\n<figure class=\"wp-block-image aligncenter size-full is-resized\"><img loading=\"lazy\" decoding=\"async\" src=\"https:\/\/www.hornemanni.fr\/wp-content\/uploads\/2023\/06\/chardo_ancest.png\" alt=\"\" class=\"wp-image-220\" width=\"787\" height=\"265\" srcset=\"https:\/\/www.hornemanni.fr\/wp-content\/uploads\/2023\/06\/chardo_ancest.png 1024w, https:\/\/www.hornemanni.fr\/wp-content\/uploads\/2023\/06\/chardo_ancest-300x101.png 300w, https:\/\/www.hornemanni.fr\/wp-content\/uploads\/2023\/06\/chardo_ancest-768x259.png 768w\" sizes=\"auto, (max-width: 787px) 100vw, 787px\" \/><\/figure>\n\n\n\n<p><strong>\u00bfCu\u00e1les son los objetivos de Hornemanni France?<\/strong><\/p>\n\n\n\n<p>Fines y objetivos de la Asociaci\u00f3n Hornemanni France<\/p>\n\n\n\n<ul class=\"wp-block-list\">\n<li>Inventariar, estudiar y referenciar los mejores m\u00e9todos de aclimataci\u00f3n, mantenimiento y cr\u00eda de aves pertenecientes al orden de los Passeriformes.<\/li>\n\n\n\n<li>Responder a todas las preguntas relativas a &#8230; en las reuniones organizadas por el club, o a trav\u00e9s de las herramientas de Internet (P\u00e1gina Web, Mail, Facebook, Tweeter, WhatsApp, visios, YouTube) y de una revista especializada, en papel o digital:<\/li>\n<\/ul>\n\n\n\n<p>&#8211; Respeto del bienestar animal en entornos controlados.<br>&#8211; Cuidado de los animales,<br>&#8211; Aclimataci\u00f3n,<br>&#8211; Acondicionamiento,<br>&#8211; M\u00e9todos de cr\u00eda,<br>&#8211; Programa ex situ en medio controlado para la conservaci\u00f3n de especies de paseriformes aut\u00f3ctonas y ex\u00f3ticas amenazadas y fr\u00e1giles en su medio natural.<br>&#8211; Estudio y fijaci\u00f3n de las mutaciones crom\u00e1ticas,<br>&#8211; Normativa<br>&#8211; Enfermedades<br>&#8211; etc<\/p>\n\n\n\n<p>Y proporcionar formaci\u00f3n te\u00f3rica y pr\u00e1ctica a los criadores que deseen progresar en estas diferentes \u00e1reas<\/p>\n\n\n\n<div class=\"wp-block-media-text alignwide has-media-on-the-right is-stacked-on-mobile\" style=\"grid-template-columns:auto 19%\"><div class=\"wp-block-media-text__content\">\n<ul class=\"wp-block-list\">\n<li>Orientar a los criadores potenciales en sus proyectos de cr\u00eda, en funci\u00f3n de las condiciones de que dispongan (tama\u00f1o de la pajarera, tiempo disponible, alimentaci\u00f3n espec\u00edfica, etc.),<\/li>\n\n\n\n<li>Elaborar una base de datos (en forma de ficheros informatizados) de todas las especies criadas por los miembros del Club para facilitar los intercambios internos<\/li>\n\n\n\n<li>Elaborar una s\u00edntesis de las experiencias de cr\u00eda y reproducci\u00f3n en forma de biograf\u00eda con el fin de poner a disposici\u00f3n de los criadores potenciales el mayor n\u00famero posible de datos b\u00e1sicos objetivos que les permitan fijar las estirpes domesticadas y contribuir a la preservaci\u00f3n de las especies,<\/li>\n\n\n\n<li>Desarrollar la cr\u00eda de conservaci\u00f3n en colaboraci\u00f3n con organismos cient\u00edficos y administrativos, con el fin de participar en programas ex situ (reintroducci\u00f3n, refuerzo de poblaciones).<\/li>\n\n\n\n<li>Fomentar la reproducci\u00f3n, el mantenimiento y el intercambio de aves procedentes de estirpes criadas en medio controlado y anilladas, en cumplimiento de la normativa vigente,<\/li>\n\n\n\n<li>Formar un grupo comprometido con el dominio y cumplimiento de la normativa vigente relativa a la tenencia de diversos ejemplares en medio controlado, en particular CITES (Convenci\u00f3n sobre el Comercio Internacional de Especies Amenazadas de Fauna y Flora Silvestres), Reglamento CE338\/97, Reglamento CE865\/2006, C\u00f3digo de Medio Ambiente, Orden de 29 de octubre de 2009, Orden de 25 de marzo de 2015, Orden de 8 de octubre de 2018, base de datos de identificaci\u00f3n de la FIPA, etc.<\/li>\n\n\n\n<li>Sensibilizar a los criadores sobre el impacto nefasto de las especies invasoras en la flora y la fauna francesas, con el fin de prevenir cualquier fuga de especies de sus establecimientos de cr\u00eda y de cr\u00eda de aficionados.<\/li>\n\n\n\n<li>Mantener relaciones t\u00e9cnicas con las secciones competentes de la Commission Nationale des Juges de France C.N.J.F.<\/li>\n\n\n\n<li>Mantener relaciones t\u00e9cnicas con los Clubes T\u00e9cnicos extranjeros<\/li>\n\n\n\n<li>Estudiar los est\u00e1ndares para Passeriformes establecidos por la Commission Nationale des Juges de France, y hacer propuestas para complementar y mejorar estos est\u00e1ndares.<\/li>\n\n\n\n<li>Reunir a los criadores franceses y extranjeros de Passeriformes, cualquiera que sea su elecci\u00f3n de afiliaci\u00f3n a una Federaci\u00f3n.<\/li>\n\n\n\n<li>Contribuir a la protecci\u00f3n de la biodiversidad mediante acciones sobre el terreno, como la instalaci\u00f3n de cajas nido y hoteles para insectos, la alimentaci\u00f3n invernal y la protecci\u00f3n y salvaguarda del medio ambiente.<\/li>\n\n\n\n<li>Organizar eventos ornitol\u00f3gicos para los miembros de la asociaci\u00f3n: reuniones t\u00e9cnicas, conferencias, exposiciones, viajes, etc<\/li>\n\n\n\n<li>Colaborar en programas de conservaci\u00f3n franceses y extranjeros<\/li>\n<\/ul>\n<\/div><figure class=\"wp-block-media-text__media\"><img loading=\"lazy\" decoding=\"async\" width=\"622\" height=\"1024\" src=\"https:\/\/www.hornemanni.fr\/wp-content\/uploads\/2023\/06\/oiseaux4-622x1024.png\" alt=\"\" class=\"wp-image-223 size-full\" srcset=\"https:\/\/www.hornemanni.fr\/wp-content\/uploads\/2023\/06\/oiseaux4-622x1024.png 622w, https:\/\/www.hornemanni.fr\/wp-content\/uploads\/2023\/06\/oiseaux4-182x300.png 182w, https:\/\/www.hornemanni.fr\/wp-content\/uploads\/2023\/06\/oiseaux4-768x1263.png 768w, https:\/\/www.hornemanni.fr\/wp-content\/uploads\/2023\/06\/oiseaux4-520x855.png 520w, https:\/\/www.hornemanni.fr\/wp-content\/uploads\/2023\/06\/oiseaux4.png 800w\" sizes=\"auto, (max-width: 622px) 100vw, 622px\" \/><\/figure><\/div>\n","protected":false},"excerpt":{"rendered":"<p>Bienvenido a Hornemanni-France \u00bfQui\u00e9nes son los Passeriformes? El orden Passeriformes es el tax\u00f3n que agrupa el mayor n\u00famero de especies de aves, repartidas por todo el globo, a excepci\u00f3n del<span class=\"more-dots\">&#8230;<\/span><\/p>\n","protected":false},"author":2,"featured_media":0,"parent":0,"menu_order":0,"comment_status":"closed","ping_status":"closed","template":"","meta":{"iawp_total_views":66,"footnotes":""},"class_list":["post-408","page","type-page","status-publish","hentry","no-post-thumbnail"],"_links":{"self":[{"href":"https:\/\/www.hornemanni.fr\/index.php\/wp-json\/wp\/v2\/pages\/408","targetHints":{"allow":["GET"]}}],"collection":[{"href":"https:\/\/www.hornemanni.fr\/index.php\/wp-json\/wp\/v2\/pages"}],"about":[{"href":"https:\/\/www.hornemanni.fr\/index.php\/wp-json\/wp\/v2\/types\/page"}],"author":[{"embeddable":true,"href":"https:\/\/www.hornemanni.fr\/index.php\/wp-json\/wp\/v2\/users\/2"}],"replies":[{"embeddable":true,"href":"https:\/\/www.hornemanni.fr\/index.php\/wp-json\/wp\/v2\/comments?post=408"}],"version-history":[{"count":0,"href":"https:\/\/www.hornemanni.fr\/index.php\/wp-json\/wp\/v2\/pages\/408\/revisions"}],"wp:attachment":[{"href":"https:\/\/www.hornemanni.fr\/index.php\/wp-json\/wp\/v2\/media?parent=408"}],"curies":[{"name":"wp","href":"https:\/\/api.w.org\/{rel}","templated":true}]}}