{"id":275,"date":"2023-06-06T13:48:26","date_gmt":"2023-06-06T13:48:26","guid":{"rendered":"https:\/\/www.hornemanni.fr\/?page_id=275"},"modified":"2023-11-03T13:24:03","modified_gmt":"2023-11-03T13:24:03","slug":"elevage","status":"publish","type":"page","link":"https:\/\/www.hornemanni.fr\/index.php\/elevage\/","title":{"rendered":"Elevage"},"content":{"rendered":"<p><h4 class=\"display-posts-title\">Le Coin du V\u00e9t\u00e9rinaire<\/h4>\n<ul class=\"display-posts-listing\"><li class=\"listing-item\"><a class=\"title\" href=\"https:\/\/www.hornemanni.fr\/index.php\/methodes-elevage\/posez-votre-question-au-veterinaire\/\">Posez votre question au V\u00e9t\u00e9rinaire<\/a><\/li><\/ul><br \/>\n<br \/>\n<h4 class=\"display-posts-title\">Soins<\/h4>\n<ul class=\"display-posts-listing\"><li class=\"listing-item\"><a class=\"title\" href=\"https:\/\/www.hornemanni.fr\/index.php\/methodes-elevage\/__trashed\/\">Elevage du Verdier d&rsquo;Europe (Chloris chloris)<\/a><\/li><li class=\"listing-item\"><a class=\"title\" href=\"https:\/\/www.hornemanni.fr\/index.php\/methodes-elevage\/reproduction-de-la-mesange-a-moustache-ou-panure-a-moustaches-panurus-biarmicus-bearded-reedling\/\">Reproduction de la M\u00e9sange \u00e0 moustache ou  Panure \u00e0 moustaches (Panurus biarmicus &#8211; Bearded Reedling)<\/a><\/li><li class=\"listing-item\"><a class=\"title\" href=\"https:\/\/www.hornemanni.fr\/index.php\/methodes-elevage\/installations-delevage-et-materiel\/\">Installations d&rsquo;\u00e9levage et mat\u00e9riel<\/a><\/li><\/ul><br \/>\n<h4 class=\"display-posts-title\">Acclimatation<\/h4>\n<ul class=\"display-posts-listing\"><li class=\"listing-item\"><a class=\"title\" href=\"https:\/\/www.hornemanni.fr\/index.php\/methodes-elevage\/experience-delevage-avec-le-verdier-du-vietnam\/\">Exp\u00e9rience d&rsquo;\u00e9levage avec le verdier du Vietnam<\/a><\/li><\/ul><br \/>\n<h4 class=\"display-posts-title\">Faune Europ\u00e9enne Prot\u00e9g\u00e9e<\/h4>\n<ul class=\"display-posts-listing\"><li class=\"listing-item\"><a class=\"title\" href=\"https:\/\/www.hornemanni.fr\/index.php\/methodes-elevage\/elever-des-bouvreuils-dans-une-voliere-exterieure\/\">\u00c9lever des bouvreuils dans une voli\u00e8re ext\u00e9rieure<\/a><\/li><\/ul><br \/>\n<\/p>\n","protected":false},"excerpt":{"rendered":"","protected":false},"author":1,"featured_media":0,"parent":0,"menu_order":0,"comment_status":"closed","ping_status":"closed","template":"","meta":{"iawp_total_views":234,"footnotes":""},"class_list":["post-275","page","type-page","status-publish","hentry","no-post-thumbnail"],"_links":{"self":[{"href":"https:\/\/www.hornemanni.fr\/index.php\/wp-json\/wp\/v2\/pages\/275","targetHints":{"allow":["GET"]}}],"collection":[{"href":"https:\/\/www.hornemanni.fr\/index.php\/wp-json\/wp\/v2\/pages"}],"about":[{"href":"https:\/\/www.hornemanni.fr\/index.php\/wp-json\/wp\/v2\/types\/page"}],"author":[{"embeddable":true,"href":"https:\/\/www.hornemanni.fr\/index.php\/wp-json\/wp\/v2\/users\/1"}],"replies":[{"embeddable":true,"href":"https:\/\/www.hornemanni.fr\/index.php\/wp-json\/wp\/v2\/comments?post=275"}],"version-history":[{"count":0,"href":"https:\/\/www.hornemanni.fr\/index.php\/wp-json\/wp\/v2\/pages\/275\/revisions"}],"wp:attachment":[{"href":"https:\/\/www.hornemanni.fr\/index.php\/wp-json\/wp\/v2\/media?parent=275"}],"curies":[{"name":"wp","href":"https:\/\/api.w.org\/{rel}","templated":true}]}}