{"id":269,"date":"2023-06-06T13:46:45","date_gmt":"2023-06-06T13:46:45","guid":{"rendered":"https:\/\/www.hornemanni.fr\/?page_id=269"},"modified":"2024-01-08T07:38:11","modified_gmt":"2024-01-08T07:38:11","slug":"certificat-de-capacite","status":"publish","type":"page","link":"https:\/\/www.hornemanni.fr\/index.php\/certificat-de-capacite\/","title":{"rendered":"Certificat de Capacit\u00e9"},"content":{"rendered":"<h4 class=\"display-posts-title\">R\u00e9glementation Faune Captive<\/h4>\n<ul class=\"display-posts-listing\"><li class=\"listing-item\"><a class=\"title\" href=\"https:\/\/www.hornemanni.fr\/index.php\/certificatdecapa\/demande-dautorisation-douverture-detablissement\/\">Demande d&rsquo;autorisation d&rsquo;ouverture d&rsquo;\u00e9tablissement (R\u00e8glementation Fran\u00e7aise)<\/a><\/li><li class=\"listing-item\"><a class=\"title\" href=\"https:\/\/www.hornemanni.fr\/index.php\/certificatdecapa\/demande-de-certificat-de-capacite\/\">Demande de certificat de capacit\u00e9 (R\u00e8glementation Fran\u00e7aise)<\/a><\/li><\/ul>\n","protected":false},"excerpt":{"rendered":"","protected":false},"author":1,"featured_media":0,"parent":0,"menu_order":0,"comment_status":"closed","ping_status":"closed","template":"","meta":{"iawp_total_views":109,"footnotes":""},"class_list":["post-269","page","type-page","status-publish","hentry","no-post-thumbnail"],"_links":{"self":[{"href":"https:\/\/www.hornemanni.fr\/index.php\/wp-json\/wp\/v2\/pages\/269","targetHints":{"allow":["GET"]}}],"collection":[{"href":"https:\/\/www.hornemanni.fr\/index.php\/wp-json\/wp\/v2\/pages"}],"about":[{"href":"https:\/\/www.hornemanni.fr\/index.php\/wp-json\/wp\/v2\/types\/page"}],"author":[{"embeddable":true,"href":"https:\/\/www.hornemanni.fr\/index.php\/wp-json\/wp\/v2\/users\/1"}],"replies":[{"embeddable":true,"href":"https:\/\/www.hornemanni.fr\/index.php\/wp-json\/wp\/v2\/comments?post=269"}],"version-history":[{"count":0,"href":"https:\/\/www.hornemanni.fr\/index.php\/wp-json\/wp\/v2\/pages\/269\/revisions"}],"wp:attachment":[{"href":"https:\/\/www.hornemanni.fr\/index.php\/wp-json\/wp\/v2\/media?parent=269"}],"curies":[{"name":"wp","href":"https:\/\/api.w.org\/{rel}","templated":true}]}}