{"id":201,"date":"2023-06-05T19:25:46","date_gmt":"2023-06-05T19:25:46","guid":{"rendered":"https:\/\/www.hornemanni.fr\/?page_id=201"},"modified":"2023-07-25T08:16:02","modified_gmt":"2023-07-25T08:16:02","slug":"hornemanni-france","status":"publish","type":"page","link":"https:\/\/www.hornemanni.fr\/","title":{"rendered":"Hornemanni France"},"content":{"rendered":"\n<p class=\"is-style-default has-main-color has-text-color has-medium-font-size\"><strong>Bienvenue sur Hornemanni-France<\/strong><\/p>\n\n\n\n<div class=\"wp-block-media-text alignwide is-stacked-on-mobile\" style=\"grid-template-columns:30% auto\"><figure class=\"wp-block-media-text__media\"><img loading=\"lazy\" decoding=\"async\" width=\"800\" height=\"598\" src=\"https:\/\/www.hornemanni.fr\/wp-content\/uploads\/2023\/06\/oiseaux1-1.png\" alt=\"\" class=\"wp-image-209 size-full\" srcset=\"https:\/\/www.hornemanni.fr\/wp-content\/uploads\/2023\/06\/oiseaux1-1.png 800w, https:\/\/www.hornemanni.fr\/wp-content\/uploads\/2023\/06\/oiseaux1-1-300x224.png 300w, https:\/\/www.hornemanni.fr\/wp-content\/uploads\/2023\/06\/oiseaux1-1-768x574.png 768w\" sizes=\"auto, (max-width: 800px) 100vw, 800px\" \/><\/figure><div class=\"wp-block-media-text__content\">\n<p><strong>Qui sont les pass\u00e9riformes&nbsp;?<\/strong><\/p>\n\n\n\n<p>L\u2019ordre des Pass\u00e9riformes forme le taxon qui regroupant le plus grand nombre d\u2019esp\u00e8ces d\u2019oiseaux, R\u00e9partis sur l\u2019ensemble du globe, \u00e0 l\u2019exception du continent antarctique. Les pass\u00e9riformes sont appel\u00e9s commun\u00e9ment passereaux et repr\u00e9sentent 145 familles, 1371 genres et 6675 esp\u00e8ces.<\/p>\n<\/div><\/div>\n\n\n\n<p><strong>Qui sommes-nous&nbsp;?<\/strong><\/p>\n\n\n\n<p>Hornemanni France est \u00e9troitement li\u00e9 par la passion et l\u2019amiti\u00e9, \u00e0 l\u2019Hornemanni Middle Ouest European Club situ\u00e9 au nord de l\u2019Italie. Notre association compos\u00e9e d\u2019\u00e9leveurs passionn\u00e9s et sp\u00e9cialis\u00e9s, de capacitaires, d\u2019experts internationaux, est \u00e9galement particuli\u00e8rement sensibilis\u00e9 \u00e0 la protection de la biodiversit\u00e9.&nbsp;<\/p>\n\n\n\n<p>Quelque soit votre f\u00e9d\u00e9ration, votre pays d\u2019origine, vous pouvez nous rejoindre en adh\u00e9rant \u00e0 Hornemanni France, car notre Club est ind\u00e9pendant et autonome. Vous n\u2019appartenez \u00e0 aucune f\u00e9d\u00e9ration ? Ce n\u2019est pas un probl\u00e8me si vous \u00eates comme nous passionn\u00e9 par les passeriformes.&nbsp;<\/p>\n\n\n\n<figure class=\"wp-block-image aligncenter size-full is-resized\"><img loading=\"lazy\" decoding=\"async\" src=\"https:\/\/www.hornemanni.fr\/wp-content\/uploads\/2023\/06\/chardo_ancest.png\" alt=\"\" class=\"wp-image-220\" width=\"787\" height=\"265\" srcset=\"https:\/\/www.hornemanni.fr\/wp-content\/uploads\/2023\/06\/chardo_ancest.png 1024w, https:\/\/www.hornemanni.fr\/wp-content\/uploads\/2023\/06\/chardo_ancest-300x101.png 300w, https:\/\/www.hornemanni.fr\/wp-content\/uploads\/2023\/06\/chardo_ancest-768x259.png 768w\" sizes=\"auto, (max-width: 787px) 100vw, 787px\" \/><\/figure>\n\n\n\n<p><strong>Quels sont les objectifs d\u2019Hornemanni France&nbsp;?<\/strong><\/p>\n\n\n\n<p>Buts et objectifs de l\u2019Association Hornemanni France<\/p>\n\n\n\n<ul class=\"wp-block-list\">\n<li>R\u00e9pertorier, \u00e9tudier et \u00e9talonner les meilleures m\u00e9thodes d\u2019acclimatation, d\u2019entretien et d\u2019\u00e9levage des oiseaux appartenant \u00e0 l\u2019ordre des Pass\u00e9riformes.<\/li>\n\n\n\n<li>R\u00e9pondre lors de r\u00e9unions organis\u00e9es par le club, ou par l\u2019interm\u00e9diaire d\u2019outils internet (Site internet, Mail, Facebook, Tweeter, WhatsApp, visios, YouTube) et d\u2019une revue sp\u00e9cialis\u00e9e, papier ou num\u00e9rique, \u00e0 toutes les questions concernant :<\/li>\n<\/ul>\n\n\n\n<p>\u2013&nbsp;&nbsp;&nbsp;&nbsp;&nbsp;&nbsp;&nbsp;&nbsp;&nbsp;&nbsp;&nbsp;&nbsp;&nbsp; Le respect de la bientraitance animale en milieu contr\u00f4l\u00e9.<br>\u2013&nbsp;&nbsp;&nbsp;&nbsp;&nbsp;&nbsp;&nbsp;&nbsp;&nbsp;&nbsp;&nbsp;&nbsp;&nbsp; Les soins,<br>\u2013&nbsp;&nbsp;&nbsp;&nbsp;&nbsp;&nbsp;&nbsp;&nbsp;&nbsp;&nbsp;&nbsp;&nbsp;&nbsp; L\u2019acclimatation,<br>\u2013&nbsp;&nbsp;&nbsp;&nbsp;&nbsp;&nbsp;&nbsp;&nbsp;&nbsp;&nbsp;&nbsp;&nbsp;&nbsp; La mise en condition,<br>\u2013&nbsp;&nbsp;&nbsp;&nbsp;&nbsp;&nbsp;&nbsp;&nbsp;&nbsp;&nbsp;&nbsp;&nbsp;&nbsp; Les m\u00e9thodes d\u2019\u00e9levage,<br>\u2013&nbsp;&nbsp;&nbsp;&nbsp;&nbsp;&nbsp;&nbsp;&nbsp;&nbsp;&nbsp;&nbsp;&nbsp;&nbsp; Programme ex situ en milieu contr\u00f4l\u00e9 pour la conservation des esp\u00e8ces passeriformes indig\u00e8nes et exotiques menac\u00e9es et fragilis\u00e9es dans leur milieu naturel.<br>\u2013&nbsp;&nbsp;&nbsp;&nbsp;&nbsp;&nbsp;&nbsp;&nbsp;&nbsp;&nbsp;&nbsp;&nbsp;&nbsp; L\u2019\u00e9tude et la fixation des mutations de couleurs,<br>\u2013&nbsp;&nbsp;&nbsp;&nbsp;&nbsp;&nbsp;&nbsp;&nbsp;&nbsp;&nbsp;&nbsp;&nbsp;&nbsp; La r\u00e9glementation<br>\u2013&nbsp;&nbsp;&nbsp;&nbsp;&nbsp;&nbsp;&nbsp;&nbsp;&nbsp;&nbsp;&nbsp;&nbsp;&nbsp; Les maladies<br>\u2013&nbsp;&nbsp;&nbsp;&nbsp;&nbsp;&nbsp;&nbsp;&nbsp;&nbsp;&nbsp;&nbsp;&nbsp;&nbsp; Etc\u2026<\/p>\n\n\n\n<p>Et assurer une formations th\u00e9orique ou pratique aux \u00e9leveurs soucieux de progresser dans ces diff\u00e9rents domaines<\/p>\n\n\n\n<p><\/p>\n\n\n\n<div class=\"wp-block-media-text alignwide has-media-on-the-right is-stacked-on-mobile\" style=\"grid-template-columns:auto 19%\"><div class=\"wp-block-media-text__content\">\n<ul class=\"wp-block-list\">\n<li>Orienter dans leur projet d\u2019\u00e9levage, les \u00e9leveurs potentiels, en fonction des conditions dont ils disposent (dimension des voli\u00e8res, temps \u00e0 consacrer, alimentation sp\u00e9cifique, etc.),<\/li>\n\n\n\n<li>Constituer une banque de donn\u00e9es (sous forme de fichiers informatis\u00e9s) de toutes les esp\u00e8ces \u00e9lev\u00e9es par les membres du Club afin de faciliter les \u00e9changes internes<\/li>\n\n\n\n<li>Constituer une synth\u00e8se des exp\u00e9riences d\u2019\u00e9levage et de reproduction sous forme d\u2019une biographie afin de mettre un maximum de donn\u00e9es objectives de base \u00e0 la disposition des \u00e9leveurs potentiels, leur permettre la fixation de souches domestiqu\u00e9es et contribuer \u00e0 la sauvegarde des esp\u00e8ces,<\/li>\n\n\n\n<li>D\u00e9velopper l\u2019\u00e9levage conservatoire en collaboration avec les instances scientifiques et administratives, afin de participer \u00e0 des programmes ex situ (r\u00e9introduction, renforcement de population) .<\/li>\n\n\n\n<li>Encourager la reproduction, l\u2019entretien et l\u2019\u00e9change d\u2019oiseaux issus de souches \u00e9lev\u00e9es en milieu contr\u00f4l\u00e9 et bagu\u00e9es, ceci en conformit\u00e9 avec la r\u00e9glementation en vigueur,<\/li>\n\n\n\n<li>Former un groupe solidaire soucieux de ma\u00eetriser et de respecter la r\u00e9glementation en vigueur concernant la d\u00e9tention en milieu contr\u00f4l\u00e9 de divers sp\u00e9cimens, notamment la CITES (Convention sur le commerce international des esp\u00e8ces de faune et de flore sauvages menac\u00e9es d\u2019extinction), le r\u00e8glement CE338\/97, le r\u00e8glement CE865\/2006 le Code de l\u2019Environnement, l\u2019arr\u00eat\u00e9 du 29 octobre 2009, l\u2019arr\u00eat\u00e9 du 25 mars 2015, l\u2019arr\u00eat\u00e9 du 8 octobre 2018, la base de donn\u00e9es d\u2019identification IFAP, etc.<\/li>\n\n\n\n<li>De sensibiliser les \u00e9leveurs sur l\u2019impact n\u00e9faste des esp\u00e8ces invasives sur la faune et la flore fran\u00e7aise, afin d\u2019\u00e9viter toute \u00e9vasion d\u2019esp\u00e8ces provenant de leur \u00e9tablissement d\u2019\u00e9levage et d\u2019\u00e9levage d\u2019agr\u00e9ment.<\/li>\n\n\n\n<li>Entretenir des relations techniques avec les sections comp\u00e9tentes de la Commission Nationale des Juges de France C.N.J.F.<\/li>\n\n\n\n<li>Entretenir des relations techniques avec les Clubs Techniques \u00e9trangers<\/li>\n\n\n\n<li>Etudier les standards des Pass\u00e9riformes mis en place par la Commission Nationale des Juges de France, et \u00eatre force de proposition pour compl\u00e9ter et enrichir ces standards.<\/li>\n\n\n\n<li>Regrouper les \u00e9leveurs fran\u00e7ais et \u00e9trangers de Pass\u00e9riformes, quel que soit leur choix d\u2019appartenance \u00e0 une F\u00e9d\u00e9ration.<\/li>\n\n\n\n<li>Aider \u00e0 la protection de la biodiversit\u00e9 par des actions de terrain telles que la pose de nichoirs, d\u2019h\u00f4tels \u00e0 insectes, le nourrissage hivernal, ainsi que la protection et la sauvegarde de l\u2019environnement.<\/li>\n\n\n\n<li>Organiser des \u00e9v\u00e8nements ornithologiques pour les membres de l\u2019association : r\u00e9unions techniques, conf\u00e9rences, expositions, voyages<\/li>\n\n\n\n<li>Collaborer \u00e0 des programmes de sauvegarde fran\u00e7ais ou \u00e9trangers<\/li>\n<\/ul>\n<\/div><figure class=\"wp-block-media-text__media\"><img loading=\"lazy\" decoding=\"async\" width=\"622\" height=\"1024\" src=\"https:\/\/www.hornemanni.fr\/wp-content\/uploads\/2023\/06\/oiseaux4-622x1024.png\" alt=\"\" class=\"wp-image-223 size-full\" srcset=\"https:\/\/www.hornemanni.fr\/wp-content\/uploads\/2023\/06\/oiseaux4-622x1024.png 622w, https:\/\/www.hornemanni.fr\/wp-content\/uploads\/2023\/06\/oiseaux4-182x300.png 182w, https:\/\/www.hornemanni.fr\/wp-content\/uploads\/2023\/06\/oiseaux4-768x1263.png 768w, https:\/\/www.hornemanni.fr\/wp-content\/uploads\/2023\/06\/oiseaux4-520x855.png 520w, https:\/\/www.hornemanni.fr\/wp-content\/uploads\/2023\/06\/oiseaux4.png 800w\" sizes=\"auto, (max-width: 622px) 100vw, 622px\" \/><\/figure><\/div>\n\n\n\n<p><\/p>\n\n\n\n<p><\/p>\n","protected":false},"excerpt":{"rendered":"<p>Bienvenue sur Hornemanni-France Qui sont les pass\u00e9riformes&nbsp;? L\u2019ordre des Pass\u00e9riformes forme le taxon qui regroupant le plus grand nombre d\u2019esp\u00e8ces d\u2019oiseaux, R\u00e9partis sur l\u2019ensemble du globe, \u00e0 l\u2019exception du continent<span class=\"more-dots\">&#8230;<\/span><\/p>\n","protected":false},"author":1,"featured_media":0,"parent":0,"menu_order":0,"comment_status":"closed","ping_status":"closed","template":"","meta":{"iawp_total_views":1671,"footnotes":""},"class_list":["post-201","page","type-page","status-publish","hentry","no-post-thumbnail"],"_links":{"self":[{"href":"https:\/\/www.hornemanni.fr\/index.php\/wp-json\/wp\/v2\/pages\/201","targetHints":{"allow":["GET"]}}],"collection":[{"href":"https:\/\/www.hornemanni.fr\/index.php\/wp-json\/wp\/v2\/pages"}],"about":[{"href":"https:\/\/www.hornemanni.fr\/index.php\/wp-json\/wp\/v2\/types\/page"}],"author":[{"embeddable":true,"href":"https:\/\/www.hornemanni.fr\/index.php\/wp-json\/wp\/v2\/users\/1"}],"replies":[{"embeddable":true,"href":"https:\/\/www.hornemanni.fr\/index.php\/wp-json\/wp\/v2\/comments?post=201"}],"version-history":[{"count":0,"href":"https:\/\/www.hornemanni.fr\/index.php\/wp-json\/wp\/v2\/pages\/201\/revisions"}],"wp:attachment":[{"href":"https:\/\/www.hornemanni.fr\/index.php\/wp-json\/wp\/v2\/media?parent=201"}],"curies":[{"name":"wp","href":"https:\/\/api.w.org\/{rel}","templated":true}]}}