{"id":1056,"date":"2023-10-13T12:27:20","date_gmt":"2023-10-13T12:27:20","guid":{"rendered":"https:\/\/www.hornemanni.fr\/?page_id=1056"},"modified":"2024-01-08T07:44:20","modified_gmt":"2024-01-08T07:44:20","slug":"reglementation-5","status":"publish","type":"page","link":"https:\/\/www.hornemanni.fr\/index.php\/pt-pt\/reglementation-5\/","title":{"rendered":"Regulamentos"},"content":{"rendered":"<p><h4 class=\"display-posts-title\">Regulamentos sobre vida selvagem em cativeiro<\/h4>\n<ul class=\"display-posts-listing\"><li class=\"listing-item\"><a class=\"title\" href=\"https:\/\/www.hornemanni.fr\/index.php\/reglementation\/chardonneret-elegant-carduelis-carduelis-reglementation-francaise\/\">Chardonneret \u00e9l\u00e9gant, Carduelis carduelis (R\u00e8glementation Fran\u00e7aise)<\/a><\/li><li class=\"listing-item\"><a class=\"title\" href=\"https:\/\/www.hornemanni.fr\/index.php\/reglementation\/unicab-premiere-victoire\/\">UNICAB, premi\u00e8re victoire !<\/a><\/li><li class=\"listing-item\"><a class=\"title\" href=\"https:\/\/www.hornemanni.fr\/index.php\/reglementation\/comunicato-stampa-unicab-2\/\">Communiqu\u00e9 de presse UNICAB<\/a><\/li><li class=\"listing-item\"><a class=\"title\" href=\"https:\/\/www.hornemanni.fr\/index.php\/reglementation\/reglement-hornemanni-france\/\">R\u00e8glement Hornemanni France<\/a><\/li><li class=\"listing-item\"><a class=\"title\" href=\"https:\/\/www.hornemanni.fr\/index.php\/reglementation\/311\/\">Questions \/ R\u00e9ponses Hornemanni France<\/a><\/li><\/ul><br \/>\n<h4 class=\"display-posts-title\">Regulamentos sobre Vida Selvagem<\/h4>\n<ul class=\"display-posts-listing\"><li class=\"listing-item\"><a class=\"title\" href=\"https:\/\/www.hornemanni.fr\/index.php\/reglementation\/chardonneret-elegant-carduelis-carduelis-reglementation-francaise\/\">Chardonneret \u00e9l\u00e9gant, Carduelis carduelis (R\u00e8glementation Fran\u00e7aise)<\/a><\/li><li class=\"listing-item\"><a class=\"title\" href=\"https:\/\/www.hornemanni.fr\/index.php\/reglementation\/unicab-premiere-victoire\/\">UNICAB, premi\u00e8re victoire !<\/a><\/li><li class=\"listing-item\"><a class=\"title\" href=\"https:\/\/www.hornemanni.fr\/index.php\/reglementation\/comunicato-stampa-unicab-2\/\">Communiqu\u00e9 de presse UNICAB<\/a><\/li><\/ul><br \/>\n<br \/>\n<h4 class=\"display-posts-title\">Regulamentos sobre vida selvagem em cativeiro<\/h4>\n<ul class=\"display-posts-listing\"><li class=\"listing-item\"><a class=\"title\" href=\"https:\/\/www.hornemanni.fr\/index.php\/certificatdecapa\/demande-dautorisation-douverture-detablissement\/\">Demande d&rsquo;autorisation d&rsquo;ouverture d&rsquo;\u00e9tablissement (R\u00e8glementation Fran\u00e7aise)<\/a><\/li><li class=\"listing-item\"><a class=\"title\" href=\"https:\/\/www.hornemanni.fr\/index.php\/certificatdecapa\/demande-de-certificat-de-capacite\/\">Demande de certificat de capacit\u00e9 (R\u00e8glementation Fran\u00e7aise)<\/a><\/li><\/ul><\/p>\n","protected":false},"excerpt":{"rendered":"","protected":false},"author":2,"featured_media":0,"parent":0,"menu_order":0,"comment_status":"closed","ping_status":"closed","template":"","meta":{"iawp_total_views":3,"footnotes":""},"class_list":["post-1056","page","type-page","status-publish","hentry","no-post-thumbnail"],"_links":{"self":[{"href":"https:\/\/www.hornemanni.fr\/index.php\/wp-json\/wp\/v2\/pages\/1056","targetHints":{"allow":["GET"]}}],"collection":[{"href":"https:\/\/www.hornemanni.fr\/index.php\/wp-json\/wp\/v2\/pages"}],"about":[{"href":"https:\/\/www.hornemanni.fr\/index.php\/wp-json\/wp\/v2\/types\/page"}],"author":[{"embeddable":true,"href":"https:\/\/www.hornemanni.fr\/index.php\/wp-json\/wp\/v2\/users\/2"}],"replies":[{"embeddable":true,"href":"https:\/\/www.hornemanni.fr\/index.php\/wp-json\/wp\/v2\/comments?post=1056"}],"version-history":[{"count":0,"href":"https:\/\/www.hornemanni.fr\/index.php\/wp-json\/wp\/v2\/pages\/1056\/revisions"}],"wp:attachment":[{"href":"https:\/\/www.hornemanni.fr\/index.php\/wp-json\/wp\/v2\/media?parent=1056"}],"curies":[{"name":"wp","href":"https:\/\/api.w.org\/{rel}","templated":true}]}}