{"id":1007,"date":"2023-10-13T07:49:50","date_gmt":"2023-10-13T07:49:50","guid":{"rendered":"https:\/\/www.hornemanni.fr\/?page_id=1007"},"modified":"2023-10-13T07:51:03","modified_gmt":"2023-10-13T07:51:03","slug":"acces-non-autorise-7","status":"publish","type":"page","link":"https:\/\/www.hornemanni.fr\/index.php\/pt-pt\/acces-non-autorise-7\/","title":{"rendered":"Acesso n\u00e3o autorizado"},"content":{"rendered":"\r\n<div class=\"wp-block-media-text alignwide is-stacked-on-mobile\">\r\n<figure class=\"wp-block-media-text__media\"><img loading=\"lazy\" decoding=\"async\" width=\"1024\" height=\"620\" class=\"wp-image-403 size-full\" src=\"https:\/\/www.hornemanni.fr\/wp-content\/uploads\/2023\/06\/manage-security-1024x620-1.jpg\" alt=\"\" srcset=\"https:\/\/www.hornemanni.fr\/wp-content\/uploads\/2023\/06\/manage-security-1024x620-1.jpg 1024w, https:\/\/www.hornemanni.fr\/wp-content\/uploads\/2023\/06\/manage-security-1024x620-1-300x182.jpg 300w, https:\/\/www.hornemanni.fr\/wp-content\/uploads\/2023\/06\/manage-security-1024x620-1-768x465.jpg 768w\" sizes=\"auto, (max-width: 1024px) 100vw, 1024px\" \/><\/figure>\r\n<div class=\"wp-block-media-text__content\"> Lamentamos, mas o acesso a esta informa\u00e7\u00e3o \u00e9 restrito. Por favor, inicie sess\u00e3o <\/div>\r\n<\/div>\r\n\r\n<p>&nbsp;<\/p>","protected":false},"excerpt":{"rendered":"<p>Lamentamos, mas o acesso a esta informa\u00e7\u00e3o \u00e9 restrito. Por favor, inicie sess\u00e3o &nbsp;<\/p>\n","protected":false},"author":2,"featured_media":0,"parent":0,"menu_order":0,"comment_status":"closed","ping_status":"closed","template":"","meta":{"iawp_total_views":2,"footnotes":""},"class_list":["post-1007","page","type-page","status-publish","hentry","no-post-thumbnail"],"_links":{"self":[{"href":"https:\/\/www.hornemanni.fr\/index.php\/wp-json\/wp\/v2\/pages\/1007","targetHints":{"allow":["GET"]}}],"collection":[{"href":"https:\/\/www.hornemanni.fr\/index.php\/wp-json\/wp\/v2\/pages"}],"about":[{"href":"https:\/\/www.hornemanni.fr\/index.php\/wp-json\/wp\/v2\/types\/page"}],"author":[{"embeddable":true,"href":"https:\/\/www.hornemanni.fr\/index.php\/wp-json\/wp\/v2\/users\/2"}],"replies":[{"embeddable":true,"href":"https:\/\/www.hornemanni.fr\/index.php\/wp-json\/wp\/v2\/comments?post=1007"}],"version-history":[{"count":0,"href":"https:\/\/www.hornemanni.fr\/index.php\/wp-json\/wp\/v2\/pages\/1007\/revisions"}],"wp:attachment":[{"href":"https:\/\/www.hornemanni.fr\/index.php\/wp-json\/wp\/v2\/media?parent=1007"}],"curies":[{"name":"wp","href":"https:\/\/api.w.org\/{rel}","templated":true}]}}