{"id":1006,"date":"2023-10-12T09:14:15","date_gmt":"2023-10-12T09:14:15","guid":{"rendered":"https:\/\/www.hornemanni.fr\/index.php\/hornemanni-france-portugues-2\/"},"modified":"2023-10-13T12:21:13","modified_gmt":"2023-10-13T12:21:13","slug":"hornemanni-france-portugues-2","status":"publish","type":"page","link":"https:\/\/www.hornemanni.fr\/index.php\/pt-pt\/hornemanni-france-portugues-2\/","title":{"rendered":"Hornemanni France &#8211; Portugu\u00eas"},"content":{"rendered":"\r\n<p class=\"is-style-default has-main-color has-text-color has-medium-font-size\"><strong>Bem-vindo ao Hornemanni-France<\/strong><\/p>\r\n\r\n\r\n\r\n<div class=\"wp-block-media-text alignwide is-stacked-on-mobile\" style=\"grid-template-columns: 30% auto;\">\r\n<figure class=\"wp-block-media-text__media\"><img loading=\"lazy\" decoding=\"async\" width=\"800\" height=\"598\" class=\"wp-image-209 size-full\" src=\"https:\/\/www.hornemanni.fr\/wp-content\/uploads\/2023\/06\/oiseaux1-1.png\" alt=\"\" srcset=\"https:\/\/www.hornemanni.fr\/wp-content\/uploads\/2023\/06\/oiseaux1-1.png 800w, https:\/\/www.hornemanni.fr\/wp-content\/uploads\/2023\/06\/oiseaux1-1-300x224.png 300w, https:\/\/www.hornemanni.fr\/wp-content\/uploads\/2023\/06\/oiseaux1-1-768x574.png 768w\" sizes=\"auto, (max-width: 800px) 100vw, 800px\" \/><\/figure>\r\n<div class=\"wp-block-media-text__content\"> <strong>Quem s\u00e3o os passeriformes?<\/strong> \r\n\r\n A ordem Passeriformes \u00e9 o taxon que agrupa o maior n\u00famero de esp\u00e9cies de aves, distribu\u00eddas por todo o globo, com exce\u00e7\u00e3o do continente ant\u00e1rtico. Os Passeriformes s\u00e3o vulgarmente conhecidos como passeriformes e representam 145 fam\u00edlias, 1371 g\u00e9neros e 6675 esp\u00e9cies <\/div>\r\n<\/div>\r\n\r\n\r\n\r\n<p><strong>Quem somos?<\/strong><\/p>\r\n\r\n\r\n\r\n<p>O Hornemanni Fran\u00e7a est\u00e1 estreitamente ligado, por paix\u00e3o e amizade, ao Clube Hornemanni Middle Ouest European, no norte de It\u00e1lia. A nossa associa\u00e7\u00e3o \u00e9 composta por criadores apaixonados e especializados, tratadores e peritos internacionais, e est\u00e1 tamb\u00e9m particularmente consciente da necessidade de proteger a biodiversidade<\/p>\r\n\r\n\r\n\r\n<p>Qualquer que seja a sua federa\u00e7\u00e3o ou pa\u00eds de origem, pode juntar-se a n\u00f3s tornando-se membro do Hornemanni France, porque o nosso Clube \u00e9 independente e aut\u00f3nomo. N\u00e3o pertence a nenhuma federa\u00e7\u00e3o? N\u00e3o h\u00e1 problema se, como n\u00f3s, \u00e9 um apaixonado pelos passeriformes<\/p>\r\n\r\n\r\n\r\n<figure class=\"wp-block-image aligncenter size-full is-resized\"><img loading=\"lazy\" decoding=\"async\" class=\"wp-image-220\" src=\"https:\/\/www.hornemanni.fr\/wp-content\/uploads\/2023\/06\/chardo_ancest.png\" alt=\"\" width=\"787\" height=\"265\" srcset=\"https:\/\/www.hornemanni.fr\/wp-content\/uploads\/2023\/06\/chardo_ancest.png 1024w, https:\/\/www.hornemanni.fr\/wp-content\/uploads\/2023\/06\/chardo_ancest-300x101.png 300w, https:\/\/www.hornemanni.fr\/wp-content\/uploads\/2023\/06\/chardo_ancest-768x259.png 768w\" sizes=\"auto, (max-width: 787px) 100vw, 787px\" \/><\/figure>\r\n\r\n\r\n\r\n<p>Quais s\u00e3o <strong>os objectivos da Hornemanni France?<\/strong><\/p>\r\n\r\n\r\n\r\n<p>Finalidades e objectivos da Associa\u00e7\u00e3o Hornemanni Fran\u00e7a<\/p>\r\n\r\n\r\n\r\n<ul class=\"wp-block-list\">\r\n<li>Inventariar, estudar e avaliar os melhores m\u00e9todos de aclimata\u00e7\u00e3o, manuten\u00e7\u00e3o e cria\u00e7\u00e3o de aves da ordem dos Passeriformes.<\/li>\r\n\r\n\r\n\r\n<li>Dar resposta a todas as quest\u00f5es relacionadas com &#8230; nas reuni\u00f5es organizadas pelo clube, ou atrav\u00e9s de ferramentas da Internet (Website, Mail, Facebook, Tweeter, WhatsApp, visios, YouTube) e de uma revista especializada, em papel ou digital:<\/li>\r\n<\/ul>\r\n\r\n\r\n\r\n<p>&#8211; Respeito pelo bem-estar dos animais em ambientes controlados &#8211; Cuidados com os animais, &#8211; Aclimata\u00e7\u00e3o, &#8211; Condicionamento, &#8211; M\u00e9todos de reprodu\u00e7\u00e3o, &#8211; Programa ex situ em ambiente controlado para a conserva\u00e7\u00e3o de esp\u00e9cies de passeriformes nativas e ex\u00f3ticas amea\u00e7adas e fr\u00e1geis no seu ambiente natural &#8211; Estudo e fixa\u00e7\u00e3o das muta\u00e7\u00f5es crom\u00e1ticas, &#8211; Regulamentos &#8211; Doen\u00e7as &#8211; etc<\/p>\r\n\r\n\r\n\r\n<p>Fornecer forma\u00e7\u00e3o te\u00f3rica e pr\u00e1tica aos criadores que desejem progredir nestes diferentes dom\u00ednios<\/p>\r\n\r\n\r\n\r\n\r\n\r\n<div class=\"wp-block-media-text alignwide has-media-on-the-right is-stacked-on-mobile\" style=\"grid-template-columns: auto 19%;\">\r\n<div class=\"wp-block-media-text__content\">\r\n<ul class=\"wp-block-list\">\r\n<li>Orientar os potenciais criadores nos seus projectos de cria\u00e7\u00e3o, em fun\u00e7\u00e3o das condi\u00e7\u00f5es de que disp\u00f5em (dimens\u00e3o do avi\u00e1rio, tempo dispon\u00edvel, alimenta\u00e7\u00e3o espec\u00edfica, etc.),<\/li>\r\n\r\n\r\n\r\n<li>Criar uma base de dados (sob a forma de ficheiros inform\u00e1ticos) de todas as esp\u00e9cies criadas pelos membros do Clube, a fim de facilitar os interc\u00e2mbios internos<\/li>\r\n\r\n\r\n\r\n<li>Compilar um resumo da experi\u00eancia de cria\u00e7\u00e3o e reprodu\u00e7\u00e3o sob a forma de biografia, a fim de colocar \u00e0 disposi\u00e7\u00e3o dos potenciais criadores o maior n\u00famero poss\u00edvel de dados de base objectivos, para lhes permitir fixar estirpes domesticadas e contribuir para a preserva\u00e7\u00e3o das esp\u00e9cies,<\/li>\r\n\r\n\r\n\r\n<li>Desenvolver a cria\u00e7\u00e3o de conserva\u00e7\u00e3o em colabora\u00e7\u00e3o com os organismos cient\u00edficos e administrativos, a fim de participar em programas ex situ (reintrodu\u00e7\u00e3o, refor\u00e7o das popula\u00e7\u00f5es).<\/li>\r\n\r\n\r\n\r\n<li>Favorecer a reprodu\u00e7\u00e3o, a manuten\u00e7\u00e3o e o interc\u00e2mbio de aves de linhagens criadas em ambiente controlado e anilhadas, em conformidade com a regulamenta\u00e7\u00e3o em vigor,<\/li>\r\n\r\n\r\n\r\n<li>Constituir um grupo empenhado em dominar e respeitar a regulamenta\u00e7\u00e3o em vigor relativa \u00e0 manuten\u00e7\u00e3o de diversos esp\u00e9cimes em meio controlado, nomeadamente a CITES (Conven\u00e7\u00e3o sobre o Com\u00e9rcio Internacional das Esp\u00e9cies da Fauna e da Flora Selvagens Amea\u00e7adas de Extin\u00e7\u00e3o), o Regulamento CE338\/97, o Regulamento CE865\/2006, o C\u00f3digo do Ambiente, a Portaria de 29 de outubro de 2009, a Portaria de 25 de mar\u00e7o de 2015, a Portaria de 8 de outubro de 2018, a base de dados de identifica\u00e7\u00e3o do IFAP, etc.<\/li>\r\n\r\n\r\n\r\n<li>Sensibilizar os criadores para o impacto nocivo das esp\u00e9cies invasoras na flora e na fauna francesas, a fim de evitar qualquer fuga de esp\u00e9cies dos seus estabelecimentos de reprodu\u00e7\u00e3o e de cria\u00e7\u00e3o em passatempo.<\/li>\r\n\r\n\r\n\r\n<li>Manter rela\u00e7\u00f5es t\u00e9cnicas com as sec\u00e7\u00f5es competentes da Commission Nationale des Juges de France C.N.J.F.<\/li>\r\n\r\n\r\n\r\n<li>Manter rela\u00e7\u00f5es t\u00e9cnicas com os Clubes T\u00e9cnicos estrangeiros<\/li>\r\n\r\n\r\n\r\n<li>Estudar as normas para os Passeriformes estabelecidas pela Comiss\u00e3o Nacional dos Juges de Fran\u00e7a e apresentar propostas para completar e melhorar essas normas.<\/li>\r\n\r\n\r\n\r\n<li>Reunir os criadores de Passeriformes franceses e estrangeiros, independentemente da sua escolha de filia\u00e7\u00e3o numa Federa\u00e7\u00e3o.<\/li>\r\n\r\n\r\n\r\n<li>Contribuir para a prote\u00e7\u00e3o da biodiversidade atrav\u00e9s de ac\u00e7\u00f5es no terreno, tais como a instala\u00e7\u00e3o de caixas-ninho, hot\u00e9is de insectos e alimenta\u00e7\u00e3o de inverno, bem como a prote\u00e7\u00e3o e a salvaguarda do ambiente.<\/li>\r\n\r\n\r\n\r\n<li>Organizar eventos ornitol\u00f3gicos para os membros da associa\u00e7\u00e3o: reuni\u00f5es t\u00e9cnicas, confer\u00eancias, exposi\u00e7\u00f5es, viagens, etc<\/li>\r\n\r\n\r\n\r\n<li>Colaborar em programas de conserva\u00e7\u00e3o franceses e estrangeiros<\/li>\r\n<\/ul>\r\n<\/div>\r\n<figure class=\"wp-block-media-text__media\"><img loading=\"lazy\" decoding=\"async\" width=\"622\" height=\"1024\" class=\"wp-image-223 size-full\" src=\"https:\/\/www.hornemanni.fr\/wp-content\/uploads\/2023\/06\/oiseaux4-622x1024.png\" alt=\"\" srcset=\"https:\/\/www.hornemanni.fr\/wp-content\/uploads\/2023\/06\/oiseaux4-622x1024.png 622w, https:\/\/www.hornemanni.fr\/wp-content\/uploads\/2023\/06\/oiseaux4-182x300.png 182w, https:\/\/www.hornemanni.fr\/wp-content\/uploads\/2023\/06\/oiseaux4-768x1263.png 768w, https:\/\/www.hornemanni.fr\/wp-content\/uploads\/2023\/06\/oiseaux4-520x855.png 520w, https:\/\/www.hornemanni.fr\/wp-content\/uploads\/2023\/06\/oiseaux4.png 800w\" sizes=\"auto, (max-width: 622px) 100vw, 622px\" \/><\/figure>\r\n<\/div>\r\n\r\n\r\n\r\n\r\n\r\n<p>&nbsp;<\/p>","protected":false},"excerpt":{"rendered":"<p>Bem-vindo ao Hornemanni-France Quem s\u00e3o os passeriformes? A ordem Passeriformes \u00e9 o taxon que agrupa o maior n\u00famero de esp\u00e9cies de aves, distribu\u00eddas por todo o globo, com exce\u00e7\u00e3o do<span class=\"more-dots\">&#8230;<\/span><\/p>\n","protected":false},"author":2,"featured_media":0,"parent":0,"menu_order":0,"comment_status":"closed","ping_status":"closed","template":"","meta":{"iawp_total_views":26,"footnotes":""},"class_list":["post-1006","page","type-page","status-publish","hentry","no-post-thumbnail"],"_links":{"self":[{"href":"https:\/\/www.hornemanni.fr\/index.php\/wp-json\/wp\/v2\/pages\/1006","targetHints":{"allow":["GET"]}}],"collection":[{"href":"https:\/\/www.hornemanni.fr\/index.php\/wp-json\/wp\/v2\/pages"}],"about":[{"href":"https:\/\/www.hornemanni.fr\/index.php\/wp-json\/wp\/v2\/types\/page"}],"author":[{"embeddable":true,"href":"https:\/\/www.hornemanni.fr\/index.php\/wp-json\/wp\/v2\/users\/2"}],"replies":[{"embeddable":true,"href":"https:\/\/www.hornemanni.fr\/index.php\/wp-json\/wp\/v2\/comments?post=1006"}],"version-history":[{"count":0,"href":"https:\/\/www.hornemanni.fr\/index.php\/wp-json\/wp\/v2\/pages\/1006\/revisions"}],"wp:attachment":[{"href":"https:\/\/www.hornemanni.fr\/index.php\/wp-json\/wp\/v2\/media?parent=1006"}],"curies":[{"name":"wp","href":"https:\/\/api.w.org\/{rel}","templated":true}]}}